{"id":261,"date":"2014-12-29T09:21:17","date_gmt":"2014-12-29T09:21:17","guid":{"rendered":"https:\/\/stau.info\/nachrichten\/?page_id=261"},"modified":"2025-03-04T09:19:05","modified_gmt":"2025-03-04T09:19:05","slug":"strassenwetter-oesterreich","status":"publish","type":"page","link":"https:\/\/stau.info\/nachrichten\/strassenwetter-oesterreich\/","title":{"rendered":"Stra\u00dfenwetter \u00d6sterreich"},"content":{"rendered":"<div style=\"width: 530px\" class=\"wp-caption alignnone\"><img loading=\"lazy\" decoding=\"async\" src=\"http:\/\/www.wetteronline.de\/?daytime=day&amp;diagram=true&amp;fcdatstr=20141229&amp;iid=OS&amp;pid=p_city_local&amp;sid=Pictogram\" alt=\"Wetter \u00d6sterreich\" width=\"520\" height=\"571\" \/><p class=\"wp-caption-text\">Wetter \u00d6sterreich | Quelle: <a href=\"http:\/\/www.wetteronline.de\/\" target=\"_blank\" rel=\"noopener\">wetteronline.de<\/a><\/p><\/div>\n<p>Hier finden Sie den aktuellen Stra\u00dfenzustand in \u00d6sterreich. Weitere Informationen \u00fcber das Sta\u00dfenwetter in \u00d6sterreich, sowie Sperrungen und Staus auf den Alpenp\u00e4ssen, sowie in den Tunnels in \u00d6sterreich finden Sie auch auf <a href=\"http:\/\/www.oeamtc.at\/verkehrsservice\/output\/html\/oesterreich_uebersicht.html\" target=\"_blank\" rel=\"noopener\">oeamtc.at<\/a>.<\/p>\n<p>Die Wetterkarte umfasst die Stra\u00dfenzustand f\u00fcr die Autobahnen der \u00f6sterreichischen Bundesl\u00e4nder Wien, Vorarlberg, Salzburg, K\u00e4rnten, Burgenland, Steiermark, Tirol, Nieder- und Ober\u00f6sterreich.<\/p>\n","protected":false},"excerpt":{"rendered":"<p>Hier finden Sie den aktuellen Stra&szlig;enzustand in &Ouml;sterreich. Weitere Informationen &uuml;ber das Sta&szlig;enwetter in &Ouml;sterreich, sowie Sperrungen und Staus auf den Alpenp&auml;ssen, sowie in den Tunnels in &Ouml;sterreich finden Sie auch auf oeamtc.at. Die Wetterkarte umfasst die Stra&szlig;enzustand f&uuml;r die Autobahnen der &ouml;sterreichischen Bundesl&auml;nder Wien, Vorarlberg, Salzburg, K&auml;rnten, Burgenland, Steiermark, Tirol, Nieder- und Ober&ouml;sterreich.<\/p>\n","protected":false},"author":9,"featured_media":0,"parent":0,"menu_order":0,"comment_status":"open","ping_status":"open","template":"","meta":{"footnotes":""},"class_list":["post-261","page","type-page","status-publish","hentry"],"yoast_head":"<!-- This site is optimized with the Yoast SEO plugin v26.6 - https:\/\/yoast.com\/wordpress\/plugins\/seo\/ -->\n<title>Stra\u00dfenwetter \u00d6sterreich | Aktueller Strassenzustandsbericht<\/title>\n<meta name=\"robots\" content=\"index, follow, max-snippet:-1, max-image-preview:large, max-video-preview:-1\" \/>\n<link rel=\"canonical\" href=\"https:\/\/stau.info\/nachrichten\/strassenwetter-oesterreich\/\" \/>\n<meta property=\"og:locale\" content=\"de_DE\" \/>\n<meta property=\"og:type\" content=\"article\" \/>\n<meta property=\"og:title\" content=\"Stra\u00dfenwetter \u00d6sterreich | Aktueller Strassenzustandsbericht\" \/>\n<meta property=\"og:description\" content=\"Hier finden Sie den aktuellen Stra&szlig;enzustand in &Ouml;sterreich. Weitere Informationen &uuml;ber das Sta&szlig;enwetter in &Ouml;sterreich, sowie Sperrungen und Staus auf den Alpenp&auml;ssen, sowie in den Tunnels in &Ouml;sterreich finden Sie auch auf oeamtc.at. Die Wetterkarte umfasst die Stra&szlig;enzustand f&uuml;r die Autobahnen der &ouml;sterreichischen Bundesl&auml;nder Wien, Vorarlberg, Salzburg, K&auml;rnten, Burgenland, Steiermark, Tirol, Nieder- und Ober&ouml;sterreich.\" \/>\n<meta property=\"og:url\" content=\"https:\/\/stau.info\/nachrichten\/strassenwetter-oesterreich\/\" \/>\n<meta property=\"og:site_name\" content=\"Stau.info\" \/>\n<meta property=\"article:modified_time\" content=\"2025-03-04T09:19:05+00:00\" \/>\n<meta property=\"og:image\" content=\"http:\/\/www.wetteronline.de\/?daytime=day&amp;diagram=true&amp;fcdatstr=20141229&amp;iid=OS&amp;pid=p_city_local&amp;sid=Pictogram\" \/>\n<script type=\"application\/ld+json\" class=\"yoast-schema-graph\">{\"@context\":\"https:\/\/schema.org\",\"@graph\":[{\"@type\":\"WebPage\",\"@id\":\"https:\/\/stau.info\/nachrichten\/strassenwetter-oesterreich\/\",\"url\":\"https:\/\/stau.info\/nachrichten\/strassenwetter-oesterreich\/\",\"name\":\"Stra\u00dfenwetter \u00d6sterreich | Aktueller Strassenzustandsbericht\",\"isPartOf\":{\"@id\":\"https:\/\/stau.info\/nachrichten\/#website\"},\"primaryImageOfPage\":{\"@id\":\"https:\/\/stau.info\/nachrichten\/strassenwetter-oesterreich\/#primaryimage\"},\"image\":{\"@id\":\"https:\/\/stau.info\/nachrichten\/strassenwetter-oesterreich\/#primaryimage\"},\"thumbnailUrl\":\"http:\/\/www.wetteronline.de\/?daytime=day&amp;diagram=true&amp;fcdatstr=20141229&amp;iid=OS&amp;pid=p_city_local&amp;sid=Pictogram\",\"datePublished\":\"2014-12-29T09:21:17+00:00\",\"dateModified\":\"2025-03-04T09:19:05+00:00\",\"inLanguage\":\"de\",\"potentialAction\":[{\"@type\":\"ReadAction\",\"target\":[\"https:\/\/stau.info\/nachrichten\/strassenwetter-oesterreich\/\"]}]},{\"@type\":\"ImageObject\",\"inLanguage\":\"de\",\"@id\":\"https:\/\/stau.info\/nachrichten\/strassenwetter-oesterreich\/#primaryimage\",\"url\":\"http:\/\/www.wetteronline.de\/?daytime=day&amp;diagram=true&amp;fcdatstr=20141229&amp;iid=OS&amp;pid=p_city_local&amp;sid=Pictogram\",\"contentUrl\":\"http:\/\/www.wetteronline.de\/?daytime=day&amp;diagram=true&amp;fcdatstr=20141229&amp;iid=OS&amp;pid=p_city_local&amp;sid=Pictogram\"},{\"@type\":\"WebSite\",\"@id\":\"https:\/\/stau.info\/nachrichten\/#website\",\"url\":\"https:\/\/stau.info\/nachrichten\/\",\"name\":\"Stau.info\",\"description\":\"Ratgeber f\u00fcr Mobilit\u00e4t\",\"potentialAction\":[{\"@type\":\"SearchAction\",\"target\":{\"@type\":\"EntryPoint\",\"urlTemplate\":\"https:\/\/stau.info\/nachrichten\/?s={search_term_string}\"},\"query-input\":{\"@type\":\"PropertyValueSpecification\",\"valueRequired\":true,\"valueName\":\"search_term_string\"}}],\"inLanguage\":\"de\"}]}<\/script>\n<!-- \/ Yoast SEO plugin. -->","yoast_head_json":{"title":"Stra\u00dfenwetter \u00d6sterreich | Aktueller Strassenzustandsbericht","robots":{"index":"index","follow":"follow","max-snippet":"max-snippet:-1","max-image-preview":"max-image-preview:large","max-video-preview":"max-video-preview:-1"},"canonical":"https:\/\/stau.info\/nachrichten\/strassenwetter-oesterreich\/","og_locale":"de_DE","og_type":"article","og_title":"Stra\u00dfenwetter \u00d6sterreich | Aktueller Strassenzustandsbericht","og_description":"Hier finden Sie den aktuellen Stra&szlig;enzustand in &Ouml;sterreich. Weitere Informationen &uuml;ber das Sta&szlig;enwetter in &Ouml;sterreich, sowie Sperrungen und Staus auf den Alpenp&auml;ssen, sowie in den Tunnels in &Ouml;sterreich finden Sie auch auf oeamtc.at. Die Wetterkarte umfasst die Stra&szlig;enzustand f&uuml;r die Autobahnen der &ouml;sterreichischen Bundesl&auml;nder Wien, Vorarlberg, Salzburg, K&auml;rnten, Burgenland, Steiermark, Tirol, Nieder- und Ober&ouml;sterreich.","og_url":"https:\/\/stau.info\/nachrichten\/strassenwetter-oesterreich\/","og_site_name":"Stau.info","article_modified_time":"2025-03-04T09:19:05+00:00","og_image":[{"url":"http:\/\/www.wetteronline.de\/?daytime=day&amp;diagram=true&amp;fcdatstr=20141229&amp;iid=OS&amp;pid=p_city_local&amp;sid=Pictogram","type":"","width":"","height":""}],"schema":{"@context":"https:\/\/schema.org","@graph":[{"@type":"WebPage","@id":"https:\/\/stau.info\/nachrichten\/strassenwetter-oesterreich\/","url":"https:\/\/stau.info\/nachrichten\/strassenwetter-oesterreich\/","name":"Stra\u00dfenwetter \u00d6sterreich | Aktueller Strassenzustandsbericht","isPartOf":{"@id":"https:\/\/stau.info\/nachrichten\/#website"},"primaryImageOfPage":{"@id":"https:\/\/stau.info\/nachrichten\/strassenwetter-oesterreich\/#primaryimage"},"image":{"@id":"https:\/\/stau.info\/nachrichten\/strassenwetter-oesterreich\/#primaryimage"},"thumbnailUrl":"http:\/\/www.wetteronline.de\/?daytime=day&amp;diagram=true&amp;fcdatstr=20141229&amp;iid=OS&amp;pid=p_city_local&amp;sid=Pictogram","datePublished":"2014-12-29T09:21:17+00:00","dateModified":"2025-03-04T09:19:05+00:00","inLanguage":"de","potentialAction":[{"@type":"ReadAction","target":["https:\/\/stau.info\/nachrichten\/strassenwetter-oesterreich\/"]}]},{"@type":"ImageObject","inLanguage":"de","@id":"https:\/\/stau.info\/nachrichten\/strassenwetter-oesterreich\/#primaryimage","url":"http:\/\/www.wetteronline.de\/?daytime=day&amp;diagram=true&amp;fcdatstr=20141229&amp;iid=OS&amp;pid=p_city_local&amp;sid=Pictogram","contentUrl":"http:\/\/www.wetteronline.de\/?daytime=day&amp;diagram=true&amp;fcdatstr=20141229&amp;iid=OS&amp;pid=p_city_local&amp;sid=Pictogram"},{"@type":"WebSite","@id":"https:\/\/stau.info\/nachrichten\/#website","url":"https:\/\/stau.info\/nachrichten\/","name":"Stau.info","description":"Ratgeber f\u00fcr Mobilit\u00e4t","potentialAction":[{"@type":"SearchAction","target":{"@type":"EntryPoint","urlTemplate":"https:\/\/stau.info\/nachrichten\/?s={search_term_string}"},"query-input":{"@type":"PropertyValueSpecification","valueRequired":true,"valueName":"search_term_string"}}],"inLanguage":"de"}]}},"_links":{"self":[{"href":"https:\/\/stau.info\/nachrichten\/wp-json\/wp\/v2\/pages\/261","targetHints":{"allow":["GET"]}}],"collection":[{"href":"https:\/\/stau.info\/nachrichten\/wp-json\/wp\/v2\/pages"}],"about":[{"href":"https:\/\/stau.info\/nachrichten\/wp-json\/wp\/v2\/types\/page"}],"author":[{"embeddable":true,"href":"https:\/\/stau.info\/nachrichten\/wp-json\/wp\/v2\/users\/9"}],"replies":[{"embeddable":true,"href":"https:\/\/stau.info\/nachrichten\/wp-json\/wp\/v2\/comments?post=261"}],"version-history":[{"count":5,"href":"https:\/\/stau.info\/nachrichten\/wp-json\/wp\/v2\/pages\/261\/revisions"}],"predecessor-version":[{"id":734,"href":"https:\/\/stau.info\/nachrichten\/wp-json\/wp\/v2\/pages\/261\/revisions\/734"}],"wp:attachment":[{"href":"https:\/\/stau.info\/nachrichten\/wp-json\/wp\/v2\/media?parent=261"}],"curies":[{"name":"wp","href":"https:\/\/api.w.org\/{rel}","templated":true}]}}